{"id":187,"date":"2018-04-17T11:38:54","date_gmt":"2018-04-17T11:38:54","guid":{"rendered":"http:\/\/gmk-wadowice.pl\/?page_id=187"},"modified":"2018-08-21T06:49:00","modified_gmt":"2018-08-21T06:49:00","slug":"tematyka-i-forma-spotkan","status":"publish","type":"page","link":"http:\/\/gmk-wadowice.pl\/?page_id=187","title":{"rendered":"Spotkania"},"content":{"rendered":"<p>[et_pb_section fb_built=&#8221;1&#8243; admin_label=&#8221;section&#8221; _builder_version=&#8221;3.0.75&#8243; custom_margin=&#8221;0px|||&#8221;][et_pb_row admin_label=&#8221;row&#8221; _builder_version=&#8221;3.0.75&#8243; background_size=&#8221;initial&#8221; background_position=&#8221;top_left&#8221; background_repeat=&#8221;repeat&#8221; module_alignment=&#8221;center&#8221; custom_padding=&#8221;8px|0px|67px|0px&#8221; custom_margin=&#8221;-40px|||&#8221; padding_top_1=&#8221;0px&#8221;][et_pb_column type=&#8221;4_4&#8243; _builder_version=&#8221;3.0.47&#8243; padding_top=&#8221;0px&#8221; parallax=&#8221;off&#8221; parallax_method=&#8221;on&#8221;][et_pb_text admin_label=&#8221;Text&#8221; _builder_version=&#8221;3.0.47&#8243; background_size=&#8221;initial&#8221; background_position=&#8221;top_left&#8221; background_repeat=&#8221;repeat&#8221; _i=&#8221;0&#8243; _address=&#8221;0.0.0.0&#8243;]<\/p>\n<p>\t\t\t\t\tNasze spotkania przebiegaj\u0105 w cyklu miesi\u0119cznym wed\u0142ug nast\u0119puj\u0105cego schematu:<\/p>\n<ul>\n<li> 1.tydzie\u0144-  modlitwa wewn\u0119trzna, Eucharystia i dzi\u0119kczynienie\n<\/li>\n<li> 2.tydzie\u0144- adoracja Naj\u015bwi\u0119tszego Sakramentu, a po niej agapa<\/li>\n<li> 3.tydzie\u0144- nieszpory, modlitwa wewn\u0119trzna i konferencja\n<\/li>\n<li>4.tydzie\u0144-  konferencja, modlitwa wewn\u0119trzna i dzielenie<\/li>\n<\/ul>\n<p>[box type=&#8221;shadow&#8221;]W maju tematem wiodacym jest KO\u015aCI\u00d3\u0141 I MISJE u Ma\u0142ej Teresy.<br \/>\nLektura na maj to OSTATNIE S\u0141OWA. Jest to ostatnia cz\u0119\u015b\u0107 tomu &#8222;Pisma mniejsze&#8221;[\/box]<\/p>\n<p>Zapraszamy do wys\u0142uchania  majowych konferencji<\/p>\n<ul>\n<li>\u015bw. Teresa-mi\u0142o\u015b\u0107 bli\u017aniego<!--[if lt IE 9]><script>document.createElement('audio');<\/script><![endif]-->\n<audio class=\"wp-audio-shortcode\" id=\"audio-187-1\" preload=\"none\" style=\"width: 100%;\" controls=\"controls\"><source type=\"audio\/mpeg\" src=\"http:\/\/gmk-wadowice.pl\/wp-content\/uploads\/2018\/06\/Konferencja-\u015bw.-Teresa-mi\u0142o\u015b\u0107-bli\u017aniego.m4a?_=1\" \/><a href=\"http:\/\/gmk-wadowice.pl\/wp-content\/uploads\/2018\/06\/Konferencja-\u015bw.-Teresa-mi\u0142o\u015b\u0107-bli\u017aniego.m4a\">http:\/\/gmk-wadowice.pl\/wp-content\/uploads\/2018\/06\/Konferencja-\u015bw.-Teresa-mi\u0142o\u015b\u0107-bli\u017aniego.m4a<\/a><\/audio><\/li>\n<li> \u015bw. Teresa i Ko\u015bci\u00f3\u0142<audio class=\"wp-audio-shortcode\" id=\"audio-187-2\" preload=\"none\" style=\"width: 100%;\" controls=\"controls\"><source type=\"audio\/mpeg\" src=\"http:\/\/gmk-wadowice.pl\/wp-content\/uploads\/2018\/06\/Konferencja-\u015bw.-Teresa-i-Ko\u015bci\u00f3\u0142.m4a?_=2\" \/><a href=\"http:\/\/gmk-wadowice.pl\/wp-content\/uploads\/2018\/06\/Konferencja-\u015bw.-Teresa-i-Ko\u015bci\u00f3\u0142.m4a\">http:\/\/gmk-wadowice.pl\/wp-content\/uploads\/2018\/06\/Konferencja-\u015bw.-Teresa-i-Ko\u015bci\u00f3\u0142.m4a<\/a><\/audio><\/li>\n<\/ul>\n<p><strong>ADORACJA 17.04 &#8211; DUCH WYRZECZENIA I OFIARY<\/strong><\/p>\n<blockquote>\n<p>Pewnego dnia Leonia, s\u0105dz\u0105c, \u017ce jest ju\u017c za du\u017ca na to, by bawi\u0107 si\u0119 lalk\u0105, przysz\u0142a do nas obu z koszyczkiem pe\u0142nym sukienek i pi\u0119knych ga\u0142gank\u00f3w przeznaczonych na uszycie innych; na wierzchu le\u017ca\u0142a jej lalka. \u2014 \u201eProsz\u0119, moje siostrzyczki, zwr\u00f3ci\u0142a si\u0119 do nas, wybierajcie, daj\u0119 wam to wszystko&#8221;. Celina, wyci\u0105gn\u0105wszy r\u0119k\u0119, wzi\u0119\u0142a k\u0142\u0119bek ozdobnych sznurk\u00f3w, kt\u00f3ry si\u0119 jej spodoba\u0142. Po chwili<br \/>\nzastanowienia i ja wyci\u0105gn\u0119\u0142am r\u0119k\u0119, m\u00f3wi\u0105c: \u2014 \u201eJa wybieram wszystko!&#8221; i bez \u017cadnych ceremonii zabra\u0142am ca\u0142y koszyk. \u015awiadkowie tej sceny uznali to za ca\u0142kiem s\u0142uszne, nawet Celina nie pr\u00f3bowa\u0142a si\u0119 skar\u017cy\u0107 (zreszt\u0105 nie brakowa\u0142o jej zabawek; ojciec chrzestny zasypywa\u0142 j\u0105 podarkami, a Ludwika zawsze znalaz\u0142a spos\u00f3b dostarczenia jej wszystkiego, czego tylko pragn\u0119\u0142a).<br \/>\nTen drobny szczeg\u00f3\u0142 z mego dzieci\u0144stwa jest streszczeniem ca\u0142ego mojego \u017cycia; p\u00f3\u017aniej, kiedy stan\u0105\u0142 przede mn\u0105 idea\u0142 doskona\u0142o\u015bci, zda\u0142am sobie spraw\u0119, \u017ce aby zosta\u0107 \u015bwi\u0119t\u0105, trzeba du\u017co cierpie\u0107, szuka\u0107 zawsze tego, co najdoskonalsze i zapomnie\u0107 o sobie. Zrozumia\u0142am, \u017ce istnieje wiele stopni \u015bwi\u0119to\u015bci, a ka\u017cda dusza posiada swobod\u0119 w daniu odpowiedzi na zaproszenie Naszego Pana, mo\u017ce czyni\u0107 dla Niego ma\u0142o lub wiele, jednym s\u0142owem, ma mo\u017cno\u015b\u0107 wyboru pomi\u0119dzy ofiarami, o kt\u00f3re On prosi. Zawo\u0142a\u0142am wi\u0119c, jak w dniach mego wczesnego dzieci\u0144stwa: \u201eBo\u017ce m\u00f3j, wybieram wszystko!&#8221; Nie chc\u0119 by\u0107 \u015bwi\u0119t\u0105 po\u0142owicznie, nie l\u0119kam si\u0119 cierpie\u0107 dla Ciebie, obawiam si\u0119 jedynie zachowania w\u0142asnej woli, zabierz mi j\u0105, bo \u00abwybieram wszystko\u00bb, czego Ty chcesz!&#8221;&#8230;<\/p>\n<\/blockquote>\n<p style=\"text-align: right;\"><em>R\u0119kopis A (folio 10r-10v)<\/em><\/p>\n<blockquote>\n<p>Nie mog\u0119, o Jezu, zg\u0142\u0119bia\u0107 mej modlitwy; obawiam si\u0119, \u017ce zostan\u0119 przyt\u0142oczona ci\u0119\u017carem mych zuchwa\u0142ych pragnie\u0144&#8230; Na swoje usprawiedliwienie mam jedynie to, \u017ce jestem dzieckiem, a dzieci nie zastanawiaj\u0105 si\u0119 nad donios\u0142o\u015bci\u0105 swych s\u0142\u00f3w (&#8230;)<br \/>\nA wi\u0119c! Ja jestem DZIECKIEM Ko\u015bcio\u0142a, a Ko\u015bci\u00f3\u0142 jest Kr\u00f3low\u0105, poniewa\u017c jest Twoj\u0105 Oblubienic\u0105, \u2751 Boski Kr\u00f3lu Kr\u00f3l\u00f3w&#8230; Nie bogactw i Chwa\u0142y (nawet Chwa\u0142y Nieba) po\u017c\u0105da serce ma\u0142ego dziecka&#8230; Ono wie, \u017ce chwa\u0142a nale\u017cy si\u0119 z prawa Braciom jego: Anio\u0142om i \u015awi\u0119tym&#8230; Jego chwa\u0142\u0105 b\u0119dzie odblask tej, kt\u00f3ra promieniuje z czo\u0142a jego Matki. Ono o jedno tylko prosi: o Mi\u0142o\u015b\u0107&#8230; Ono jedno tylko potrafi: kocha\u0107 Ciebie, o Jezu&#8230; \u015awietne czyny s\u0105 mu zakazane, nie mo\u017ce g\u0142osi\u0107 Ewangelii, przelewa\u0107 krwi&#8230; mniejsza o to; jego bracia pracuj\u0105 za nie, a ono, ma\u0142e dziecko, stoi przy tronie Kr\u00f3la i Kr\u00f3lowej i kocha za swych braci, kt\u00f3rzy walcz\u0105&#8230; Ale w jaki spos\u00f3b oka\u017ce sw\u0105 Mi\u0142o\u015b\u0107, skoro Mi\u0142o\u015bci dowodzi si\u0119 czynami? Ot\u00f3\u017c dzieci\u0119 b\u0119dzie rzuca\u0107 kwiaty, ich woni\u0105 nasyci tron kr\u00f3lewski i swym srebrzystym g\u0142osem \u015bpiewa\u0107 b\u0119dzie pie\u015b\u0144 Mi\u0142o\u015bci&#8230;<br \/>\nTak, m\u00f3j Ukochany, w taki spos\u00f3b spala\u0107 si\u0119 b\u0119dzie moje \u017cycie&#8230; Mam tylko jeden spos\u00f3b, by okaza\u0107 Ci moj\u0105 mi\u0142o\u015b\u0107: rzucanie kwiat\u00f3w, to znaczy, \u017ce nie opuszcz\u0119 \u017cadnej okazji do ofiary, cho\u0107by najmniejszej, \u017cadnego spojrzenia, \u017cadnego s\u0142owa, wykorzystam najdrobniejsze nawet czyny, by je pe\u0142ni\u0107 z mi\u0142o\u015bci. Chc\u0119 cierpie\u0107 z mi\u0142o\u015bci i cieszy\u0107 si\u0119 z mi\u0142o\u015bci, w ten spos\u00f3b b\u0119d\u0119 rzuca\u0107 kwiaty przed Twoim tronem; nie pomin\u0119 \u017cadnego, by go nie oberwa\u0107 z p\u0142atk\u00f3w dla Ciebie&#8230; potem rzucaj\u0105c moje kwiaty, b\u0119d\u0119 \u015bpiewa\u0107 (czy\u017c mo\u017cna p\u0142aka\u0107, pe\u0142ni\u0105c tak radosn\u0105 czynno\u015b\u0107?); b\u0119d\u0119 \u015bpiewa\u0107 nawet wtedy, gdy trzeba mi b\u0119dzie zrywa\u0107 kwiaty po\u015br\u00f3d cierni, a \u015bpiew m\u00f3j b\u0119dzie tym bardziej melodyjny, im ciernie b\u0119d\u0105 d\u0142u\u017csze i ostrzejsze.<\/p>\n<\/blockquote>\n<p style=\"text-align: right;\"><em>R\u0119kopis B (folio 4r-4v)<\/em><\/p>\n<p>\u00a0<\/p>\n<p>[\/et_pb_text][\/et_pb_column][\/et_pb_row][\/et_pb_section]<\/p>\n","protected":false},"excerpt":{"rendered":"<p>[et_pb_section fb_built=&#8221;1&#8243; admin_label=&#8221;section&#8221; _builder_version=&#8221;3.0.75&#8243; custom_margin=&#8221;0px|||&#8221;][et_pb_row admin_label=&#8221;row&#8221; _builder_version=&#8221;3.0.75&#8243; background_size=&#8221;initial&#8221; background_position=&#8221;top_left&#8221; background_repeat=&#8221;repeat&#8221; module_alignment=&#8221;center&#8221; custom_padding=&#8221;8px|0px|67px|0px&#8221; custom_margin=&#8221;-40px|||&#8221; padding_top_1=&#8221;0px&#8221;][et_pb_column type=&#8221;4_4&#8243; _builder_version=&#8221;3.0.47&#8243; padding_top=&#8221;0px&#8221; parallax=&#8221;off&#8221; parallax_method=&#8221;on&#8221;][et_pb_text admin_label=&#8221;Text&#8221; _builder_version=&#8221;3.0.47&#8243; background_size=&#8221;initial&#8221; background_position=&#8221;top_left&#8221; background_repeat=&#8221;repeat&#8221; _i=&#8221;0&#8243; _address=&#8221;0.0.0.0&#8243;] Nasze spotkania przebiegaj\u0105 w [&hellip;]<\/p>\n","protected":false},"author":2,"featured_media":0,"parent":0,"menu_order":0,"comment_status":"closed","ping_status":"closed","template":"","meta":{"site-sidebar-layout":"default","site-content-layout":"","ast-site-content-layout":"default","site-content-style":"default","site-sidebar-style":"default","ast-global-header-display":"","ast-banner-title-visibility":"","ast-main-header-display":"","ast-hfb-above-header-display":"","ast-hfb-below-header-display":"","ast-hfb-mobile-header-display":"","site-post-title":"","ast-breadcrumbs-content":"","ast-featured-img":"","footer-sml-layout":"","theme-transparent-header-meta":"","adv-header-id-meta":"","stick-header-meta":"","header-above-stick-meta":"","header-main-stick-meta":"","header-below-stick-meta":"","astra-migrate-meta-layouts":"default","ast-page-background-enabled":"default","ast-page-background-meta":{"desktop":{"background-color":"var(--ast-global-color-4)","background-image":"","background-repeat":"repeat","background-position":"center center","background-size":"auto","background-attachment":"scroll","background-type":"","background-media":"","overlay-type":"","overlay-color":"","overlay-opacity":"","overlay-gradient":""},"tablet":{"background-color":"","background-image":"","background-repeat":"repeat","background-position":"center center","background-size":"auto","background-attachment":"scroll","background-type":"","background-media":"","overlay-type":"","overlay-color":"","overlay-opacity":"","overlay-gradient":""},"mobile":{"background-color":"","background-image":"","background-repeat":"repeat","background-position":"center center","background-size":"auto","background-attachment":"scroll","background-type":"","background-media":"","overlay-type":"","overlay-color":"","overlay-opacity":"","overlay-gradient":""}},"ast-content-background-meta":{"desktop":{"background-color":"var(--ast-global-color-5)","background-image":"","background-repeat":"repeat","background-position":"center center","background-size":"auto","background-attachment":"scroll","background-type":"","background-media":"","overlay-type":"","overlay-color":"","overlay-opacity":"","overlay-gradient":""},"tablet":{"background-color":"var(--ast-global-color-5)","background-image":"","background-repeat":"repeat","background-position":"center center","background-size":"auto","background-attachment":"scroll","background-type":"","background-media":"","overlay-type":"","overlay-color":"","overlay-opacity":"","overlay-gradient":""},"mobile":{"background-color":"var(--ast-global-color-5)","background-image":"","background-repeat":"repeat","background-position":"center center","background-size":"auto","background-attachment":"scroll","background-type":"","background-media":"","overlay-type":"","overlay-color":"","overlay-opacity":"","overlay-gradient":""}},"footnotes":""},"class_list":["post-187","page","type-page","status-publish","hentry"],"_links":{"self":[{"href":"http:\/\/gmk-wadowice.pl\/index.php?rest_route=\/wp\/v2\/pages\/187","targetHints":{"allow":["GET"]}}],"collection":[{"href":"http:\/\/gmk-wadowice.pl\/index.php?rest_route=\/wp\/v2\/pages"}],"about":[{"href":"http:\/\/gmk-wadowice.pl\/index.php?rest_route=\/wp\/v2\/types\/page"}],"author":[{"embeddable":true,"href":"http:\/\/gmk-wadowice.pl\/index.php?rest_route=\/wp\/v2\/users\/2"}],"replies":[{"embeddable":true,"href":"http:\/\/gmk-wadowice.pl\/index.php?rest_route=%2Fwp%2Fv2%2Fcomments&post=187"}],"version-history":[{"count":22,"href":"http:\/\/gmk-wadowice.pl\/index.php?rest_route=\/wp\/v2\/pages\/187\/revisions"}],"predecessor-version":[{"id":369,"href":"http:\/\/gmk-wadowice.pl\/index.php?rest_route=\/wp\/v2\/pages\/187\/revisions\/369"}],"wp:attachment":[{"href":"http:\/\/gmk-wadowice.pl\/index.php?rest_route=%2Fwp%2Fv2%2Fmedia&parent=187"}],"curies":[{"name":"wp","href":"https:\/\/api.w.org\/{rel}","templated":true}]}}