{"id":371,"date":"2018-08-21T06:58:47","date_gmt":"2018-08-21T06:58:47","guid":{"rendered":"http:\/\/gmk-wadowice.pl\/?page_id=371"},"modified":"2024-03-31T14:53:54","modified_gmt":"2024-03-31T14:53:54","slug":"o-nas","status":"publish","type":"page","link":"http:\/\/gmk-wadowice.pl\/","title":{"rendered":"GMK Wadowice"},"content":{"rendered":"\t\t<div data-elementor-type=\"wp-page\" data-elementor-id=\"371\" class=\"elementor elementor-371\">\n\t\t\t\t<div class=\"elementor-element elementor-element-c213dfa e-flex e-con-boxed e-con e-parent\" data-id=\"c213dfa\" data-element_type=\"container\">\n\t\t\t\t\t<div class=\"e-con-inner\">\n\t\t<div class=\"elementor-element elementor-element-967914b e-con-full e-flex e-con e-child\" data-id=\"967914b\" data-element_type=\"container\" data-settings=\"{&quot;background_background&quot;:&quot;gradient&quot;}\">\n\t\t\t\t<div class=\"elementor-element elementor-element-a3bc46e elementor-widget__width-initial elementor-widget elementor-widget-wp-widget-media_image\" data-id=\"a3bc46e\" data-element_type=\"widget\" data-widget_type=\"wp-widget-media_image.default\">\n\t\t\t\t<div class=\"elementor-widget-container\">\n\t\t\t\t\t<img fetchpriority=\"high\" decoding=\"async\" width=\"206\" height=\"300\" src=\"http:\/\/gmk-wadowice.pl\/wp-content\/uploads\/2024\/03\/Orantka-206x300.jpg\" class=\"image wp-image-720  attachment-medium size-medium\" alt=\"\" style=\"max-width: 100%; height: auto;\" srcset=\"http:\/\/gmk-wadowice.pl\/wp-content\/uploads\/2024\/03\/Orantka-206x300.jpg 206w, http:\/\/gmk-wadowice.pl\/wp-content\/uploads\/2024\/03\/Orantka.jpg 310w\" sizes=\"(max-width: 206px) 100vw, 206px\" \/>\t\t\t\t<\/div>\n\t\t\t\t<\/div>\n\t\t\t\t<div class=\"elementor-element elementor-element-15c4149 elementor-widget elementor-widget-image\" data-id=\"15c4149\" data-element_type=\"widget\" data-widget_type=\"image.default\">\n\t\t\t\t<div class=\"elementor-widget-container\">\n\t\t\t\t\t\t\t\t\t\t\t\t\t\t\t\t<a href=\"https:\/\/karmel-wadowice.pl\/\">\n\t\t\t\t\t\t\t<img decoding=\"async\" width=\"278\" height=\"157\" src=\"https:\/\/gmk-wadowice.pl\/wp-content\/uploads\/2018\/04\/karmel.jpg\" class=\"attachment-medium size-medium wp-image-265\" alt=\"\" \/>\t\t\t\t\t\t\t\t<\/a>\n\t\t\t\t\t\t\t\t\t\t\t\t\t\t\t<\/div>\n\t\t\t\t<\/div>\n\t\t\t\t<div class=\"elementor-element elementor-element-758b697 elementor-widget elementor-widget-button\" data-id=\"758b697\" data-element_type=\"widget\" data-widget_type=\"button.default\">\n\t\t\t\t<div class=\"elementor-widget-container\">\n\t\t\t\t\t\t\t\t\t<div class=\"elementor-button-wrapper\">\n\t\t\t\t\t<a class=\"elementor-button elementor-button-link elementor-size-sm\" href=\"https:\/\/gmk-wadowice.pl\/?page_id=522\">\n\t\t\t\t\t\t<span class=\"elementor-button-content-wrapper\">\n\t\t\t\t\t\t\t\t\t<span class=\"elementor-button-text\">Konferencje<\/span>\n\t\t\t\t\t<\/span>\n\t\t\t\t\t<\/a>\n\t\t\t\t<\/div>\n\t\t\t\t\t\t\t\t<\/div>\n\t\t\t\t<\/div>\n\t\t\t\t<div class=\"elementor-element elementor-element-e86cf38 elementor-view-default elementor-widget elementor-widget-icon\" data-id=\"e86cf38\" data-element_type=\"widget\" data-widget_type=\"icon.default\">\n\t\t\t\t<div class=\"elementor-widget-container\">\n\t\t\t\t\t\t\t<div class=\"elementor-icon-wrapper\">\n\t\t\t<a class=\"elementor-icon\" href=\"http:\/\/facebook.com\/GMK.Wadowice\/\">\n\t\t\t<svg aria-hidden=\"true\" class=\"e-font-icon-svg e-fab-facebook\" viewBox=\"0 0 512 512\" xmlns=\"http:\/\/www.w3.org\/2000\/svg\"><path d=\"M504 256C504 119 393 8 256 8S8 119 8 256c0 123.78 90.69 226.38 209.25 245V327.69h-63V256h63v-54.64c0-62.15 37-96.48 93.67-96.48 27.14 0 55.52 4.84 55.52 4.84v61h-31.28c-30.8 0-40.41 19.12-40.41 38.73V256h68.78l-11 71.69h-57.78V501C413.31 482.38 504 379.78 504 256z\"><\/path><\/svg>\t\t\t<\/a>\n\t\t<\/div>\n\t\t\t\t\t\t<\/div>\n\t\t\t\t<\/div>\n\t\t\t\t<\/div>\n\t\t<div class=\"elementor-element elementor-element-1429ce8 e-con-full e-flex e-con e-child\" data-id=\"1429ce8\" data-element_type=\"container\">\n\t\t\t\t<div class=\"elementor-element elementor-element-400a62a elementor-widget elementor-widget-text-editor\" data-id=\"400a62a\" data-element_type=\"widget\" data-widget_type=\"text-editor.default\">\n\t\t\t\t<div class=\"elementor-widget-container\">\n\t\t\t\t\t\t\t\t\t<p>Gromadzimy si\u0119 na\u00a0<strong>cichej modlitwie w\u00a0duchu karmelita\u0144skim<\/strong>. \u015awiadomi, \u017ce\u00a0droga do\u00a0g\u0142\u0119bokiego \u017cycia, do\u00a0\u015bwi\u0119to\u015bci, prowadzi przez\u00a0modlitw\u0119, staramy si\u0119 jej uczy\u0107 wci\u0105\u017c na\u00a0nowo, poznawa\u0107 jej bogactwo w\u00a0teorii i\u00a0praktyce. A\u00a0\u017ce modlitwy nie\u00a0da si\u0119 oddzieli\u0107 od\u00a0\u017cycia, szukamy r\u00f3wnie\u017c podpowiedzi, jak ulepsza\u0107 nasze \u017cycie.<\/p><p>T\u0119 w\u0119dr\u00f3wk\u0119 wewn\u0119trzn\u0105 podejmujemy w\u00a0dobrym towarzystwie \u015bwi\u0119tych Karmelu, karmi\u0105c si\u0119 ich nauk\u0105, ale\u00a0r\u00f3wnie\u017c we\u00a0wsp\u00f3lnocie os\u00f3b maj\u0105cych podobne pragnienia.<\/p><p>\u015aw. Teresa od\u00a0Jezusa uwa\u017ca\u0142a za\u00a0wielkie nieszcz\u0119\u015bcie bycie osamotnionym w\u015br\u00f3d tak\u00a0wielu niebezpiecze\u0144stw \u015bwiata, dlatego mocno zach\u0119ca\u0142a osoby, kt\u00f3re praktykuj\u0105 ten rodzaj modlitwy, do\u00a0przyja\u017ani:<\/p><blockquote><p><em>Radzi\u0142abym ka\u017cdemu, kto si\u0119 oddaje modlitwie wewn\u0119trznej, aby zw\u0142aszcza z\u00a0pocz\u0105tku stara\u0142 si\u0119 o\u00a0przyja\u017a\u0144 i\u00a0towarzystwo z\u00a0tymi, kt\u00f3rzy\u00a0podobnie \u0107wicz\u0105 si\u0119 w\u00a0rozmy\u015blaniu. Jest to\u00a0rzecz w\u00a0najwi\u0119kszym stopniu po\u017cyteczna, cho\u0107by tylko, dlatego, \u017ce\u00a0wtedy jeden drugiego swoj\u0105 modlitw\u0105 wspomaga. Je\u015bli w\u00a0zabiegach czysto ziemskich ludzie szukaj\u0105 sobie przyjaci\u00f3\u0142 dla wzajemnej uciechy, nie\u00a0rozumiem doprawdy, dlaczego by\u00a0temu, kto szczerze zaczyna s\u0142u\u017cy\u0107 Bogu i\u00a0mi\u0142owa\u0107 Go, nie\u00a0by\u0142o wolno mie\u0107 powiernika lub kilku dobranych przyjaci\u00f3\u0142 i\u00a0zwierza\u0107 si\u0119 im z\u00a0tych pociech, czy\u00a0te\u017c trudno\u015bci, jakich niechybnie musi dozna\u0107 ka\u017cdy, kto si\u0119 oddaje modlitwie wewn\u0119trznej.<\/em><br \/><em>(\u015aw. Teresa od\u00a0Jezusa,\u00a0Ksi\u0119ga \u017cycia, 7, 20.)<\/em><\/p><\/blockquote><p>Naszym opiekunem i przewodnikiem jest Marian Zawada OCD.\u00a0<br \/>Spotykamy si\u0119 w Sanktuarium \u015aw. J\u00f3zefa na wadowickim Karmelu, we\u00a0<strong>wtorki o\u00a0godzinie 19.00<\/strong>. Podczas ka\u017cdego spotkania chcemy trwa\u0107 w\u00a0cichej, przynajmniej p\u00f3\u0142godzinnej modlitwie wewn\u0119trznej, po\u0142\u0105czonej z\u00a0Eucharysti\u0105, liturgi\u0105 godzin (brewiarzem), liturgi\u0105 s\u0142owa czy\u00a0te\u017c wsp\u00f3lnym dzieleniem si\u0119 s\u0142owem, swoim \u017cyciem.<\/p>\t\t\t\t\t\t\t\t<\/div>\n\t\t\t\t<\/div>\n\t\t\t\t<\/div>\n\t\t\t\t\t<\/div>\n\t\t\t\t<\/div>\n\t\t<div class=\"elementor-element elementor-element-fccc07f e-flex e-con-boxed e-con e-parent\" data-id=\"fccc07f\" data-element_type=\"container\">\n\t\t\t\t\t<div class=\"e-con-inner\">\n\t\t<div class=\"elementor-element elementor-element-5b72825 e-con-full e-flex e-con e-child\" data-id=\"5b72825\" data-element_type=\"container\">\n\t\t\t\t<\/div>\n\t\t<div class=\"elementor-element elementor-element-e9e45e9 e-con-full e-flex e-con e-child\" data-id=\"e9e45e9\" data-element_type=\"container\">\n\t\t\t\t<\/div>\n\t\t<div class=\"elementor-element elementor-element-4fc8f5f e-con-full e-flex e-con e-child\" data-id=\"4fc8f5f\" data-element_type=\"container\">\n\t\t\t\t<\/div>\n\t\t\t\t\t<\/div>\n\t\t\t\t<\/div>\n\t\t\t\t<\/div>\n\t\t","protected":false},"excerpt":{"rendered":"<p>Konferencje Gromadzimy si\u0119 na\u00a0cichej modlitwie w\u00a0duchu karmelita\u0144skim. \u015awiadomi, \u017ce\u00a0droga do\u00a0g\u0142\u0119bokiego \u017cycia, do\u00a0\u015bwi\u0119to\u015bci, prowadzi przez\u00a0modlitw\u0119, staramy si\u0119 jej uczy\u0107 wci\u0105\u017c na\u00a0nowo, poznawa\u0107 jej bogactwo w\u00a0teorii i\u00a0praktyce. A\u00a0\u017ce modlitwy nie\u00a0da si\u0119 oddzieli\u0107 [&hellip;]<\/p>\n","protected":false},"author":3,"featured_media":0,"parent":0,"menu_order":0,"comment_status":"closed","ping_status":"closed","template":"","meta":{"site-sidebar-layout":"default","site-content-layout":"","ast-site-content-layout":"default","site-content-style":"default","site-sidebar-style":"default","ast-global-header-display":"","ast-banner-title-visibility":"","ast-main-header-display":"","ast-hfb-above-header-display":"","ast-hfb-below-header-display":"","ast-hfb-mobile-header-display":"","site-post-title":"","ast-breadcrumbs-content":"","ast-featured-img":"","footer-sml-layout":"","theme-transparent-header-meta":"","adv-header-id-meta":"","stick-header-meta":"","header-above-stick-meta":"","header-main-stick-meta":"","header-below-stick-meta":"","astra-migrate-meta-layouts":"default","ast-page-background-enabled":"default","ast-page-background-meta":{"desktop":{"background-color":"var(--ast-global-color-4)","background-image":"","background-repeat":"repeat","background-position":"center center","background-size":"auto","background-attachment":"scroll","background-type":"","background-media":"","overlay-type":"","overlay-color":"","overlay-opacity":"","overlay-gradient":""},"tablet":{"background-color":"","background-image":"","background-repeat":"repeat","background-position":"center center","background-size":"auto","background-attachment":"scroll","background-type":"","background-media":"","overlay-type":"","overlay-color":"","overlay-opacity":"","overlay-gradient":""},"mobile":{"background-color":"","background-image":"","background-repeat":"repeat","background-position":"center center","background-size":"auto","background-attachment":"scroll","background-type":"","background-media":"","overlay-type":"","overlay-color":"","overlay-opacity":"","overlay-gradient":""}},"ast-content-background-meta":{"desktop":{"background-color":"var(--ast-global-color-5)","background-image":"","background-repeat":"repeat","background-position":"center center","background-size":"auto","background-attachment":"scroll","background-type":"","background-media":"","overlay-type":"","overlay-color":"","overlay-opacity":"","overlay-gradient":""},"tablet":{"background-color":"var(--ast-global-color-5)","background-image":"","background-repeat":"repeat","background-position":"center center","background-size":"auto","background-attachment":"scroll","background-type":"","background-media":"","overlay-type":"","overlay-color":"","overlay-opacity":"","overlay-gradient":""},"mobile":{"background-color":"var(--ast-global-color-5)","background-image":"","background-repeat":"repeat","background-position":"center center","background-size":"auto","background-attachment":"scroll","background-type":"","background-media":"","overlay-type":"","overlay-color":"","overlay-opacity":"","overlay-gradient":""}},"footnotes":""},"class_list":["post-371","page","type-page","status-publish","hentry"],"_links":{"self":[{"href":"http:\/\/gmk-wadowice.pl\/index.php?rest_route=\/wp\/v2\/pages\/371","targetHints":{"allow":["GET"]}}],"collection":[{"href":"http:\/\/gmk-wadowice.pl\/index.php?rest_route=\/wp\/v2\/pages"}],"about":[{"href":"http:\/\/gmk-wadowice.pl\/index.php?rest_route=\/wp\/v2\/types\/page"}],"author":[{"embeddable":true,"href":"http:\/\/gmk-wadowice.pl\/index.php?rest_route=\/wp\/v2\/users\/3"}],"replies":[{"embeddable":true,"href":"http:\/\/gmk-wadowice.pl\/index.php?rest_route=%2Fwp%2Fv2%2Fcomments&post=371"}],"version-history":[{"count":74,"href":"http:\/\/gmk-wadowice.pl\/index.php?rest_route=\/wp\/v2\/pages\/371\/revisions"}],"predecessor-version":[{"id":733,"href":"http:\/\/gmk-wadowice.pl\/index.php?rest_route=\/wp\/v2\/pages\/371\/revisions\/733"}],"wp:attachment":[{"href":"http:\/\/gmk-wadowice.pl\/index.php?rest_route=%2Fwp%2Fv2%2Fmedia&parent=371"}],"curies":[{"name":"wp","href":"https:\/\/api.w.org\/{rel}","templated":true}]}}