{"id":391,"date":"2018-08-21T07:43:10","date_gmt":"2018-08-21T07:43:10","guid":{"rendered":"http:\/\/gmk-wadowice.pl\/?page_id=391"},"modified":"2024-10-28T13:14:04","modified_gmt":"2024-10-28T13:14:04","slug":"historia-naszych-spotkan","status":"publish","type":"page","link":"http:\/\/gmk-wadowice.pl\/?page_id=391","title":{"rendered":"Historia naszych spotka\u0144"},"content":{"rendered":"<p>Grupa Modlitwy Karmelita\u0144skiej zosta\u0142a za\u0142o\u017cona przy Klasztorze Ojc\u00f3w Karmelit\u00f3w w Wadowicach<\/p>\n<p>przez Ojca \u0141ukasza Piskulaka jako owoc rekolekcji w 2016 roku.<\/p>\n<figure id=\"attachment_294\" aria-describedby=\"caption-attachment-294\" style=\"width: 600px\" class=\"wp-caption aligncenter\"><a href=\"http:\/\/gmk-wadowice.pl\/wp-content\/uploads\/2018\/05\/GMK_201706.jpg\"><img fetchpriority=\"high\" decoding=\"async\" src=\"http:\/\/gmk-wadowice.pl\/wp-content\/uploads\/2018\/05\/GMK_201706-300x169.jpg\" alt=\"\" width=\"600\" height=\"338\" \/><\/a><figcaption id=\"caption-attachment-294\" class=\"wp-caption-text\">Czerwiec 2017 z O.\u0141ukaszem Piskulakiem<\/figcaption><\/figure>\n<figure id=\"attachment_95\" aria-describedby=\"caption-attachment-95\" style=\"width: 601px\" class=\"wp-caption aligncenter\"><a href=\"http:\/\/gmk-wadowice.pl\/wp-content\/uploads\/2018\/02\/DSC_4762.jpg\"><img decoding=\"async\" src=\"http:\/\/gmk-wadowice.pl\/wp-content\/uploads\/2018\/02\/DSC_4762.jpg\" alt=\"\" width=\"601\" height=\"398\" \/><\/a><figcaption id=\"caption-attachment-95\" class=\"wp-caption-text\">Stycze\u0144 2018 z O.Przemys\u0142awem Pliszczy\u0144skim<\/figcaption><\/figure>\n<figure id=\"attachment_144\" aria-describedby=\"caption-attachment-144\" style=\"width: 599px\" class=\"wp-caption aligncenter\"><a href=\"http:\/\/gmk-wadowice.pl\/wp-content\/uploads\/2018\/02\/IMG_20180225_134848646.jpg\"><img decoding=\"async\" class=\" wp-image-144\" src=\"http:\/\/gmk-wadowice.pl\/wp-content\/uploads\/2018\/02\/IMG_20180225_134848646-300x225.jpg\" alt=\"Rekolekcje w \u015alemieniu 2018\" width=\"599\" height=\"449\" srcset=\"http:\/\/gmk-wadowice.pl\/wp-content\/uploads\/2018\/02\/IMG_20180225_134848646-300x225.jpg 300w, http:\/\/gmk-wadowice.pl\/wp-content\/uploads\/2018\/02\/IMG_20180225_134848646-768x576.jpg 768w, http:\/\/gmk-wadowice.pl\/wp-content\/uploads\/2018\/02\/IMG_20180225_134848646.jpg 1024w, http:\/\/gmk-wadowice.pl\/wp-content\/uploads\/2018\/02\/IMG_20180225_134848646-510x382.jpg 510w\" sizes=\"(max-width: 599px) 100vw, 599px\" \/><\/a><figcaption id=\"caption-attachment-144\" class=\"wp-caption-text\">Rekolekcje w \u015alemieniu 2018<\/figcaption><\/figure>\n","protected":false},"excerpt":{"rendered":"<p>Grupa Modlitwy Karmelita\u0144skiej zosta\u0142a za\u0142o\u017cona przy Klasztorze Ojc\u00f3w Karmelit\u00f3w w Wadowicach przez Ojca \u0141ukasza Piskulaka jako owoc rekolekcji w 2016 roku.<\/p>\n","protected":false},"author":2,"featured_media":0,"parent":0,"menu_order":0,"comment_status":"closed","ping_status":"closed","template":"","meta":{"site-sidebar-layout":"default","site-content-layout":"","ast-site-content-layout":"default","site-content-style":"default","site-sidebar-style":"default","ast-global-header-display":"","ast-banner-title-visibility":"","ast-main-header-display":"","ast-hfb-above-header-display":"","ast-hfb-below-header-display":"","ast-hfb-mobile-header-display":"","site-post-title":"","ast-breadcrumbs-content":"","ast-featured-img":"","footer-sml-layout":"","theme-transparent-header-meta":"","adv-header-id-meta":"","stick-header-meta":"","header-above-stick-meta":"","header-main-stick-meta":"","header-below-stick-meta":"","astra-migrate-meta-layouts":"default","ast-page-background-enabled":"default","ast-page-background-meta":{"desktop":{"background-color":"var(--ast-global-color-4)","background-image":"","background-repeat":"repeat","background-position":"center center","background-size":"auto","background-attachment":"scroll","background-type":"","background-media":"","overlay-type":"","overlay-color":"","overlay-opacity":"","overlay-gradient":""},"tablet":{"background-color":"","background-image":"","background-repeat":"repeat","background-position":"center center","background-size":"auto","background-attachment":"scroll","background-type":"","background-media":"","overlay-type":"","overlay-color":"","overlay-opacity":"","overlay-gradient":""},"mobile":{"background-color":"","background-image":"","background-repeat":"repeat","background-position":"center center","background-size":"auto","background-attachment":"scroll","background-type":"","background-media":"","overlay-type":"","overlay-color":"","overlay-opacity":"","overlay-gradient":""}},"ast-content-background-meta":{"desktop":{"background-color":"var(--ast-global-color-5)","background-image":"","background-repeat":"repeat","background-position":"center center","background-size":"auto","background-attachment":"scroll","background-type":"","background-media":"","overlay-type":"","overlay-color":"","overlay-opacity":"","overlay-gradient":""},"tablet":{"background-color":"var(--ast-global-color-5)","background-image":"","background-repeat":"repeat","background-position":"center center","background-size":"auto","background-attachment":"scroll","background-type":"","background-media":"","overlay-type":"","overlay-color":"","overlay-opacity":"","overlay-gradient":""},"mobile":{"background-color":"var(--ast-global-color-5)","background-image":"","background-repeat":"repeat","background-position":"center center","background-size":"auto","background-attachment":"scroll","background-type":"","background-media":"","overlay-type":"","overlay-color":"","overlay-opacity":"","overlay-gradient":""}},"footnotes":""},"class_list":["post-391","page","type-page","status-publish","hentry"],"_links":{"self":[{"href":"http:\/\/gmk-wadowice.pl\/index.php?rest_route=\/wp\/v2\/pages\/391","targetHints":{"allow":["GET"]}}],"collection":[{"href":"http:\/\/gmk-wadowice.pl\/index.php?rest_route=\/wp\/v2\/pages"}],"about":[{"href":"http:\/\/gmk-wadowice.pl\/index.php?rest_route=\/wp\/v2\/types\/page"}],"author":[{"embeddable":true,"href":"http:\/\/gmk-wadowice.pl\/index.php?rest_route=\/wp\/v2\/users\/2"}],"replies":[{"embeddable":true,"href":"http:\/\/gmk-wadowice.pl\/index.php?rest_route=%2Fwp%2Fv2%2Fcomments&post=391"}],"version-history":[{"count":29,"href":"http:\/\/gmk-wadowice.pl\/index.php?rest_route=\/wp\/v2\/pages\/391\/revisions"}],"predecessor-version":[{"id":867,"href":"http:\/\/gmk-wadowice.pl\/index.php?rest_route=\/wp\/v2\/pages\/391\/revisions\/867"}],"wp:attachment":[{"href":"http:\/\/gmk-wadowice.pl\/index.php?rest_route=%2Fwp%2Fv2%2Fmedia&parent=391"}],"curies":[{"name":"wp","href":"https:\/\/api.w.org\/{rel}","templated":true}]}}