{"id":396,"date":"2018-08-21T07:47:55","date_gmt":"2018-08-21T07:47:55","guid":{"rendered":"http:\/\/gmk-wadowice.pl\/?page_id=396"},"modified":"2024-02-20T19:38:49","modified_gmt":"2024-02-20T19:38:49","slug":"modlitwa-wewnetrzna-2","status":"publish","type":"page","link":"http:\/\/gmk-wadowice.pl\/?page_id=396","title":{"rendered":"Modlitwa wewn\u0119trzna"},"content":{"rendered":"\t\t<div data-elementor-type=\"wp-page\" data-elementor-id=\"396\" class=\"elementor elementor-396\">\n\t\t\t\t<div class=\"elementor-element elementor-element-3b787d1d e-flex e-con-boxed e-con e-parent\" data-id=\"3b787d1d\" data-element_type=\"container\">\n\t\t\t\t\t<div class=\"e-con-inner\">\n\t\t\t\t<div class=\"elementor-element elementor-element-3395554b elementor-widget elementor-widget-text-editor\" data-id=\"3395554b\" data-element_type=\"widget\" data-widget_type=\"text-editor.default\">\n\t\t\t\t<div class=\"elementor-widget-container\">\n\t\t\t\t\t\t\t\t\t<p>Istot\u0105 modlitwy wewn\u0119trznej (zwanej te\u017c my\u015bln\u0105 lub kontemplacyjn\u0105) jest <strong>przyjacielska za\u017cy\u0142o\u015b\u0107<\/strong>, dialog, m\u00f3wienie sercem do\u00a0Boga, w\u00a0spos\u00f3b samorzutny, nie\u00a0pos\u0142uguj\u0105c si\u0119 formu\u0142ami przygotowanymi lub wyuczonymi na\u00a0pami\u0119\u0107.<\/p><p>W\u00a0tej formie modlitwy mo\u017cemy wyra\u017ca\u0107 Bogu wszystkie pragnienia swego serca. A\u00a0<strong>przede wszystkim mi\u0142o\u015b\u0107<\/strong>, pragnienie mi\u0142owania Go. \u015aw. Teresa zach\u0119ca\u0142a do\u00a0nawi\u0105zywania po\u00a0wiele razy tej\u00a0za\u017cy\u0142ej relacji przyja\u017ani z\u00a0Bogiem. A\u00a0\u017ce przyja\u017a\u0144 wyp\u0142ywa z\u00a0mi\u0142o\u015bci, wi\u0119c\u00a0trzeba przede wszystkim prze\u017cywa\u0107 modlitw\u0119 w\u00a0kluczu mi\u0142o\u015bci.<\/p><p>Niemo\u017cliwa jest mi\u0142o\u015b\u0107, je\u015bli nie\u00a0my\u015bli si\u0119 o\u00a0osobie umi\u0142owanej. Mi\u0142o\u015b\u0107 rodzi si\u0119 z\u00a0poznawania drugiej osoby. By\u00a0Boga mi\u0142owa\u0107, trzeba o\u00a0Nim my\u015ble\u0107, trzeba Go poznawa\u0107, rozwa\u017ca\u0107 Jego tajemnice. Poznawa\u0107 samego Jezusa przede wszystkim ze\u00a0s\u0142owa Bo\u017cego, z\u00a0Ewangelii. Na\u00a0modlitwie my\u015blimy dlatego, by\u00a0kocha\u0107, by\u00a0karmi\u0107 mi\u0142o\u015b\u0107. Modlitwa wewn\u0119trzna potrzebuje wi\u0119c\u00a0pewnego przygotowania, skupienia, karmi si\u0119 s\u0142owem Bo\u017cym, jego rozwa\u017caniem, a\u00a0wszystko to\u00a0jako pomoc w\u00a0mi\u0142osnym dialogu z\u00a0Bogiem.<\/p><h3><strong>Schemat modlitwy karmelita\u0144skiej<\/strong><\/h3><p><strong>Przygotowanie bli\u017csze<\/strong>. Przygotowanie, w\u00a0czasie kt\u00f3rego\u00a0powinni\u015bmy si\u0119 zastanowi\u0107 nad\u00a0nast\u0119puj\u0105cymi rzeczami:<\/p><p>1.\u00a0<strong>Kim jest ten, kt\u00f3ry\u00a0si\u0119 modli?<\/strong>\u00a0By\u00a0u\u015bwiadomi\u0107 sobie sw\u0105 s\u0142abo\u015b\u0107, ale\u00a0r\u00f3wnie\u017c sw\u0105 godno\u015b\u0107.<\/p><p>2.\u00a0<strong>Kim jest B\u00f3g, z\u00a0kt\u00f3rym rozmawiam?<\/strong>\u00a0Dla uzyskania poszanowania i\u00a0klimatu za\u017cy\u0142o\u015bci.<\/p><p>3.\u00a0<strong>O\u00a0czym zamierzam rozmawia\u0107 z\u00a0Bogiem?<\/strong>\u00a0Dla zaprowadzenia porz\u0105dku i\u00a0skupienia uwagi.<\/p><p>Wyciszenie si\u0119 i\u00a0skupienie na\u00a0obecno\u015bci Bo\u017cej, znak Krzy\u017ca, wezwanie Ducha \u015awi\u0119tego,na przyk\u0142ad:<\/p><p><strong>P:<\/strong>\u00a0Przyjd\u017a, Duchu \u015awi\u0119ty\u2026<br \/><strong>W:<\/strong>\u00a0 \u2026nape\u0142nij serca Twoich\u00a0wiernych i\u00a0zapal w\u00a0nich ogie\u0144 Twojej\u00a0mi\u0142o\u015bci.<br \/><strong>P:<\/strong>\u00a0Bo\u017ce, Ty pouczy\u0142e\u015b serca Twoich\u00a0wiernych \u015bwiat\u0142em Ducha \u015awi\u0119tego, daj nam w\u00a0tym Duchu pozna\u0107, co jest prawe i\u00a0Jego pociech\u0105 zawsze si\u0119 radowa\u0107. Przez\u00a0Chrystusa, Pana naszego.<br \/><strong>W:<\/strong>\u00a0Amen.<\/p><p><strong>Kr\u00f3tki rachunek sumienia<\/strong><\/p><p><strong>Lektura tekstu<\/strong>. Odczytanie dwu- lub trzykrotne z\u00a0zastanowieniem si\u0119 nad\u00a0jego tre\u015bci\u0105 (Jakie jest znaczenie dos\u0142owne? Jakie jest znaczenie duchowe? Co dany tekst m\u00f3wi do\u00a0mnie?)<\/p><p><strong>Medytacja, czyli rozwa\u017canie<\/strong>. Ma charakter rozumowy, lecz\u00a0zmierza do\u00a0tego, by\u00a0rozpali\u0107 nasz\u0105 wol\u0119 mi\u0142o\u015bci\u0105.<\/p><p><strong>Stani\u0119cie w\u00a0obecno\u015bci Bo\u017cej<\/strong>. Przyj\u0119cie obecno\u015bci Bo\u017cej w\u00a0g\u0142\u0119bi naszego serca. Duchowe \u201eprzeniesienie si\u0119\u201d w\u00a0wierze wraz z\u00a0Nim do\u00a0danej sceny ewangelicznej. Wyobra\u017cenie sobie opisanej sceny, zdarzenia (nie\u00a0jest konieczne). Rozwa\u017canie.<\/p><p><strong>Mi\u0142osna rozmowa<\/strong>\u00a0z\u00a0Przyjacielem, Ojcem, Bratem, Oblubie\u0144cem maj\u0105ca prowadzi\u0107 do\u00a0kontemplacji, do\u00a0g\u0142\u0119bokiego przylgni\u0119cia sercem do\u00a0Boga, do\u00a0pe\u0142nego prostoty i\u00a0mi\u0142o\u015bci spojrzenia, do\u00a0milcz\u0105cej obecno\u015bci.<\/p><p><strong>Dzi\u0119kczynienie i\u00a0uwielbienie Boga<\/strong><\/p><p><strong>Pro\u015bba<\/strong><\/p><p><strong>Zako\u0144czenie<\/strong>. Ofiarowanie, postanowienie, podsumowanie (kr\u00f3tka modlitwa ko\u0144cz\u0105ca, np.\u00a0Pod Twoj\u0105 obron\u0119\u2026)<\/p><p>\u00a0<\/p><p>\u00a0<\/p>\t\t\t\t\t\t\t\t<\/div>\n\t\t\t\t<\/div>\n\t\t\t\t\t<\/div>\n\t\t\t\t<\/div>\n\t\t<div class=\"elementor-element elementor-element-8195726 e-con-full e-flex e-con e-parent\" data-id=\"8195726\" data-element_type=\"container\">\n\t\t\t\t<div class=\"elementor-element elementor-element-b6be768 elementor-widget elementor-widget-elementskit-video\" data-id=\"b6be768\" data-element_type=\"widget\" data-widget_type=\"elementskit-video.default\">\n\t\t\t\t<div class=\"elementor-widget-container\">\n\t\t\t\t\t<div class=\"ekit-wid-con\" >\t\t<div class=\"video-content\" data-video-player=\"[&quot;playpause&quot;,&quot;current&quot;,&quot;progress&quot;,&quot;duration&quot;,&quot;volume&quot;]\" data-video-setting=\"{&quot;videoVolume&quot;:&quot;horizontal&quot;,&quot;startVolume&quot;:0.7,&quot;videoType&quot;:&quot;inline&quot;,&quot;videoClass&quot;:&quot;ekit_self_video_wrap_content&quot;,&quot;popupIcon&quot;:{&quot;value&quot;:&quot;icon icon-cancel&quot;,&quot;library&quot;:&quot;ekiticons&quot;},&quot;videoStyle&quot;:&quot;popup&quot;,&quot;videoTypeName&quot;:&quot;self&quot;,&quot;autoplay&quot;:false,&quot;muted&quot;:false,&quot;loop&quot;:false}\">\n\t\t\t\n<a class=\" ekit-video-popup ekit-video-popup-btn\" href=\"#test-popup-linkb6be768\" aria-label=\"video-popup\">\n\t\t\t\t\t\t\t\t<i aria-hidden=\"true\" class=\"icon icon-speakers\"><\/i>\t\t\t\t<span class=\"ekit-video-popup-title\">O. Przemys\u0142aw Modlitwa Wewn\u0119trzna<\/span>\n\t\t\t\n\t\t\t<\/a>\n\t\t\t\t<div id=\"test-popup-linkb6be768\" class=\"mfp-hide ekit_self_video_wrap\">\n\t\t\t\t\t<video class=\"video_class\"\n\t\t\t\t\t\t\t\t\t\t\t>\n\t\t\t\t\t\t<source type=\"video\/mp4\" src=\"http:\/\/gmk-wadowice.pl\/wp-content\/uploads\/2018\/06\/GMK.mp3\" \/>\n\t\t\t\t\t<\/video>\n\t\t\t\t<\/div>\n\t\t\t\t\t<\/div>\n\t\t<\/div>\t\t\t\t<\/div>\n\t\t\t\t<\/div>\n\t\t\t\t<\/div>\n\t\t\t\t<\/div>\n\t\t","protected":false},"excerpt":{"rendered":"<p>Istot\u0105 modlitwy wewn\u0119trznej (zwanej te\u017c my\u015bln\u0105 lub kontemplacyjn\u0105) jest przyjacielska za\u017cy\u0142o\u015b\u0107, dialog, m\u00f3wienie sercem do\u00a0Boga, w\u00a0spos\u00f3b samorzutny, nie\u00a0pos\u0142uguj\u0105c si\u0119 formu\u0142ami przygotowanymi lub wyuczonymi na\u00a0pami\u0119\u0107. W\u00a0tej formie modlitwy mo\u017cemy wyra\u017ca\u0107 Bogu [&hellip;]<\/p>\n","protected":false},"author":2,"featured_media":0,"parent":0,"menu_order":0,"comment_status":"closed","ping_status":"closed","template":"","meta":{"site-sidebar-layout":"default","site-content-layout":"","ast-site-content-layout":"default","site-content-style":"default","site-sidebar-style":"default","ast-global-header-display":"","ast-banner-title-visibility":"","ast-main-header-display":"","ast-hfb-above-header-display":"","ast-hfb-below-header-display":"","ast-hfb-mobile-header-display":"","site-post-title":"","ast-breadcrumbs-content":"","ast-featured-img":"","footer-sml-layout":"","theme-transparent-header-meta":"","adv-header-id-meta":"","stick-header-meta":"","header-above-stick-meta":"","header-main-stick-meta":"","header-below-stick-meta":"","astra-migrate-meta-layouts":"default","ast-page-background-enabled":"default","ast-page-background-meta":{"desktop":{"background-color":"var(--ast-global-color-4)","background-image":"","background-repeat":"repeat","background-position":"center center","background-size":"auto","background-attachment":"scroll","background-type":"","background-media":"","overlay-type":"","overlay-color":"","overlay-opacity":"","overlay-gradient":""},"tablet":{"background-color":"","background-image":"","background-repeat":"repeat","background-position":"center center","background-size":"auto","background-attachment":"scroll","background-type":"","background-media":"","overlay-type":"","overlay-color":"","overlay-opacity":"","overlay-gradient":""},"mobile":{"background-color":"","background-image":"","background-repeat":"repeat","background-position":"center center","background-size":"auto","background-attachment":"scroll","background-type":"","background-media":"","overlay-type":"","overlay-color":"","overlay-opacity":"","overlay-gradient":""}},"ast-content-background-meta":{"desktop":{"background-color":"var(--ast-global-color-5)","background-image":"","background-repeat":"repeat","background-position":"center center","background-size":"auto","background-attachment":"scroll","background-type":"","background-media":"","overlay-type":"","overlay-color":"","overlay-opacity":"","overlay-gradient":""},"tablet":{"background-color":"var(--ast-global-color-5)","background-image":"","background-repeat":"repeat","background-position":"center center","background-size":"auto","background-attachment":"scroll","background-type":"","background-media":"","overlay-type":"","overlay-color":"","overlay-opacity":"","overlay-gradient":""},"mobile":{"background-color":"var(--ast-global-color-5)","background-image":"","background-repeat":"repeat","background-position":"center center","background-size":"auto","background-attachment":"scroll","background-type":"","background-media":"","overlay-type":"","overlay-color":"","overlay-opacity":"","overlay-gradient":""}},"footnotes":""},"class_list":["post-396","page","type-page","status-publish","hentry"],"_links":{"self":[{"href":"http:\/\/gmk-wadowice.pl\/index.php?rest_route=\/wp\/v2\/pages\/396","targetHints":{"allow":["GET"]}}],"collection":[{"href":"http:\/\/gmk-wadowice.pl\/index.php?rest_route=\/wp\/v2\/pages"}],"about":[{"href":"http:\/\/gmk-wadowice.pl\/index.php?rest_route=\/wp\/v2\/types\/page"}],"author":[{"embeddable":true,"href":"http:\/\/gmk-wadowice.pl\/index.php?rest_route=\/wp\/v2\/users\/2"}],"replies":[{"embeddable":true,"href":"http:\/\/gmk-wadowice.pl\/index.php?rest_route=%2Fwp%2Fv2%2Fcomments&post=396"}],"version-history":[{"count":11,"href":"http:\/\/gmk-wadowice.pl\/index.php?rest_route=\/wp\/v2\/pages\/396\/revisions"}],"predecessor-version":[{"id":705,"href":"http:\/\/gmk-wadowice.pl\/index.php?rest_route=\/wp\/v2\/pages\/396\/revisions\/705"}],"wp:attachment":[{"href":"http:\/\/gmk-wadowice.pl\/index.php?rest_route=%2Fwp%2Fv2%2Fmedia&parent=396"}],"curies":[{"name":"wp","href":"https:\/\/api.w.org\/{rel}","templated":true}]}}