{"id":691,"date":"2024-02-20T18:01:31","date_gmt":"2024-02-20T18:01:31","guid":{"rendered":"https:\/\/gmk-wadowice.pl\/?page_id=691"},"modified":"2025-01-31T02:06:00","modified_gmt":"2025-01-31T02:06:00","slug":"linki","status":"publish","type":"page","link":"http:\/\/gmk-wadowice.pl\/?page_id=691","title":{"rendered":"Linki"},"content":{"rendered":"\t\t<div data-elementor-type=\"wp-page\" data-elementor-id=\"691\" class=\"elementor elementor-691\">\n\t\t\t\t<div class=\"elementor-element elementor-element-8887997 e-flex e-con-boxed e-con e-parent\" data-id=\"8887997\" data-element_type=\"container\">\n\t\t\t\t\t<div class=\"e-con-inner\">\n\t\t\t\t<div class=\"elementor-element elementor-element-bd950cf elementor-widget elementor-widget-image\" data-id=\"bd950cf\" data-element_type=\"widget\" data-widget_type=\"image.default\">\n\t\t\t\t<div class=\"elementor-widget-container\">\n\t\t\t\t\t\t\t\t\t\t\t\t\t\t\t\t<a href=\"https:\/\/smakkarmelu.pl\/\">\n\t\t\t\t\t\t\t<img fetchpriority=\"high\" decoding=\"async\" width=\"1024\" height=\"389\" src=\"https:\/\/gmk-wadowice.pl\/wp-content\/uploads\/2024\/02\/smak_karmelu-1024x389.png\" class=\"attachment-large size-large wp-image-681\" alt=\"\" srcset=\"https:\/\/gmk-wadowice.pl\/wp-content\/uploads\/2024\/02\/smak_karmelu-1024x389.png 1024w, https:\/\/gmk-wadowice.pl\/wp-content\/uploads\/2024\/02\/smak_karmelu-300x114.png 300w, https:\/\/gmk-wadowice.pl\/wp-content\/uploads\/2024\/02\/smak_karmelu-768x291.png 768w, https:\/\/gmk-wadowice.pl\/wp-content\/uploads\/2024\/02\/smak_karmelu.png 1336w\" sizes=\"(max-width: 1024px) 100vw, 1024px\" \/>\t\t\t\t\t\t\t\t<\/a>\n\t\t\t\t\t\t\t\t\t\t\t\t\t\t\t<\/div>\n\t\t\t\t<\/div>\n\t\t\t\t\t<\/div>\n\t\t\t\t<\/div>\n\t\t<div class=\"elementor-element elementor-element-606d355 e-flex e-con-boxed e-con e-parent\" data-id=\"606d355\" data-element_type=\"container\">\n\t\t\t\t\t<div class=\"e-con-inner\">\n\t\t\t\t<div class=\"elementor-element elementor-element-47339e6 elementor-widget elementor-widget-image\" data-id=\"47339e6\" data-element_type=\"widget\" data-widget_type=\"image.default\">\n\t\t\t\t<div class=\"elementor-widget-container\">\n\t\t\t\t\t\t\t\t\t\t\t\t\t\t\t\t<a href=\"http:\/\/communiocrucis.pl\/\">\n\t\t\t\t\t\t\t<img decoding=\"async\" width=\"558\" height=\"251\" src=\"https:\/\/gmk-wadowice.pl\/wp-content\/uploads\/2024\/02\/communiocrucis.pl_.png\" class=\"attachment-large size-large wp-image-677\" alt=\"\" srcset=\"https:\/\/gmk-wadowice.pl\/wp-content\/uploads\/2024\/02\/communiocrucis.pl_.png 558w, https:\/\/gmk-wadowice.pl\/wp-content\/uploads\/2024\/02\/communiocrucis.pl_-300x135.png 300w\" sizes=\"(max-width: 558px) 100vw, 558px\" \/>\t\t\t\t\t\t\t\t<\/a>\n\t\t\t\t\t\t\t\t\t\t\t\t\t\t\t<\/div>\n\t\t\t\t<\/div>\n\t\t\t\t\t<\/div>\n\t\t\t\t<\/div>\n\t\t<div class=\"elementor-element elementor-element-a6a78a8 e-flex e-con-boxed e-con e-parent\" data-id=\"a6a78a8\" data-element_type=\"container\">\n\t\t\t\t\t<div class=\"e-con-inner\">\n\t\t\t\t<div class=\"elementor-element elementor-element-943da6e elementor-widget elementor-widget-html\" data-id=\"943da6e\" data-element_type=\"widget\" data-widget_type=\"html.default\">\n\t\t\t\t<div class=\"elementor-widget-container\">\n\t\t\t\t\t\n \n <a href=\"https:\/\/www.youtube.com\/playlist?app=desktop&list=PLiI2I5hty1HrpDxZ0COLG3rIBhyO7w0TX&cbrd=1>\">\u015aw. Jan od Krzy\u017ca - Szko\u0142a Duchowo\u015bci\n\t\t\t\t\t\t\t<img decoding=\"async\" width=\"558\" height=\"251\" src=\"http:\/\/gmk-wadowice.pl\/wp-content\/uploads\/2025\/01\/Jan_od_Krzyza.jpg\" class=\"attachment-large size-large wp-image-677\" alt=\"\" srcset=\"http:\/\/gmk-wadowice.pl\/wp-content\/uploads\/2025\/01\/Jan_od_Krzyza.jpg 558w, http:\/\/gmk-wadowice.pl\/wp-content\/uploads\/2025\/01\/Jan_od_Krzyza.jpg 300w\" sizes=\"(max-width: 558px) 100vw, 558px\" \/>\t\t\t\t\t\t\t\t<\/a>\t\t\t\t<\/div>\n\t\t\t\t<\/div>\n\t\t\t\t\t<\/div>\n\t\t\t\t<\/div>\n\t\t\t\t<\/div>\n\t\t","protected":false},"excerpt":{"rendered":"<p>\u015aw. Jan od Krzy\u017ca &#8211; Szko\u0142a Duchowo\u015bci<\/p>\n","protected":false},"author":3,"featured_media":0,"parent":0,"menu_order":0,"comment_status":"closed","ping_status":"closed","template":"","meta":{"site-sidebar-layout":"default","site-content-layout":"","ast-site-content-layout":"default","site-content-style":"default","site-sidebar-style":"default","ast-global-header-display":"","ast-banner-title-visibility":"","ast-main-header-display":"","ast-hfb-above-header-display":"","ast-hfb-below-header-display":"","ast-hfb-mobile-header-display":"","site-post-title":"","ast-breadcrumbs-content":"","ast-featured-img":"","footer-sml-layout":"","theme-transparent-header-meta":"","adv-header-id-meta":"","stick-header-meta":"","header-above-stick-meta":"","header-main-stick-meta":"","header-below-stick-meta":"","astra-migrate-meta-layouts":"default","ast-page-background-enabled":"default","ast-page-background-meta":{"desktop":{"background-color":"var(--ast-global-color-4)","background-image":"","background-repeat":"repeat","background-position":"center center","background-size":"auto","background-attachment":"scroll","background-type":"","background-media":"","overlay-type":"","overlay-color":"","overlay-opacity":"","overlay-gradient":""},"tablet":{"background-color":"","background-image":"","background-repeat":"repeat","background-position":"center center","background-size":"auto","background-attachment":"scroll","background-type":"","background-media":"","overlay-type":"","overlay-color":"","overlay-opacity":"","overlay-gradient":""},"mobile":{"background-color":"","background-image":"","background-repeat":"repeat","background-position":"center center","background-size":"auto","background-attachment":"scroll","background-type":"","background-media":"","overlay-type":"","overlay-color":"","overlay-opacity":"","overlay-gradient":""}},"ast-content-background-meta":{"desktop":{"background-color":"var(--ast-global-color-5)","background-image":"","background-repeat":"repeat","background-position":"center center","background-size":"auto","background-attachment":"scroll","background-type":"","background-media":"","overlay-type":"","overlay-color":"","overlay-opacity":"","overlay-gradient":""},"tablet":{"background-color":"var(--ast-global-color-5)","background-image":"","background-repeat":"repeat","background-position":"center center","background-size":"auto","background-attachment":"scroll","background-type":"","background-media":"","overlay-type":"","overlay-color":"","overlay-opacity":"","overlay-gradient":""},"mobile":{"background-color":"var(--ast-global-color-5)","background-image":"","background-repeat":"repeat","background-position":"center center","background-size":"auto","background-attachment":"scroll","background-type":"","background-media":"","overlay-type":"","overlay-color":"","overlay-opacity":"","overlay-gradient":""}},"footnotes":""},"class_list":["post-691","page","type-page","status-publish","hentry"],"_links":{"self":[{"href":"http:\/\/gmk-wadowice.pl\/index.php?rest_route=\/wp\/v2\/pages\/691","targetHints":{"allow":["GET"]}}],"collection":[{"href":"http:\/\/gmk-wadowice.pl\/index.php?rest_route=\/wp\/v2\/pages"}],"about":[{"href":"http:\/\/gmk-wadowice.pl\/index.php?rest_route=\/wp\/v2\/types\/page"}],"author":[{"embeddable":true,"href":"http:\/\/gmk-wadowice.pl\/index.php?rest_route=\/wp\/v2\/users\/3"}],"replies":[{"embeddable":true,"href":"http:\/\/gmk-wadowice.pl\/index.php?rest_route=%2Fwp%2Fv2%2Fcomments&post=691"}],"version-history":[{"count":31,"href":"http:\/\/gmk-wadowice.pl\/index.php?rest_route=\/wp\/v2\/pages\/691\/revisions"}],"predecessor-version":[{"id":993,"href":"http:\/\/gmk-wadowice.pl\/index.php?rest_route=\/wp\/v2\/pages\/691\/revisions\/993"}],"wp:attachment":[{"href":"http:\/\/gmk-wadowice.pl\/index.php?rest_route=%2Fwp%2Fv2%2Fmedia&parent=691"}],"curies":[{"name":"wp","href":"https:\/\/api.w.org\/{rel}","templated":true}]}}